{"id":112,"date":"2023-01-31T07:31:03","date_gmt":"2023-01-31T07:31:03","guid":{"rendered":"https:\/\/toro3d.eu\/shop\/?page_id=112"},"modified":"2023-08-01T16:01:47","modified_gmt":"2023-08-01T16:01:47","slug":"revocation","status":"publish","type":"page","link":"https:\/\/toro3d.eu\/shop\/?page_id=112","title":{"rendered":"Cancellation Policy"},"content":{"rendered":"\n<h4 class=\"wp-block-heading has-larger-font-size\">Right of withdrawal<\/h4>\n\n\n\n<p>You have the right to withdraw from this contract within fourteen days without giving any reason, except for<\/p>\n\n\n\n<ol class=\"wp-block-list\">\n<li>Contracts for the supply of goods that are not prefabricated and for the manufacture of which an individual selection or determination by the consumer is decisive or which are clearly tailored to the personal needs of the consumer,<\/li>\n\n\n\n<li>Contracts for the delivery of goods that can spoil quickly or whose expiration date would be quickly exceeded,<\/li>\n\n\n\n<li>Contracts for the delivery of sealed goods that are not suitable for return for reasons of health protection or hygiene, if their seal has been removed after delivery,<\/li>\n\n\n\n<li>Contracts for the delivery of goods if they have been inseparably mixed with other goods after delivery due to their nature.<\/li>\n<\/ol>\n\n\n\n<p>Insofar as the above exclusions within the meaning of \u00a7 312g BGB do not apply to parts of your order, you are entitled to a right of withdrawal for these parts if you are a consumer within the meaning of \u00a7 13 BGB. A &#8220;consumer&#8221; is any natural person who enters into a legal transaction for purposes that can predominantly be attributed neither to his commercial nor to his independent professional activity.<br>The revocation period is fourteen days from the day on which you or a third party named by you, who is not the carrier, have taken or has taken possession of the last goods.<br>To exercise your right of withdrawal, you must inform us (Michael Handwerker, Marie-Curie-Stra\u00dfe 6, 85055 Ingolstadt) by means of a clear statement (for example, a letter sent by mail or e-mail) of your decision to withdraw from this contract. You can use the attached model withdrawal form for this purpose, but it is not mandatory. To comply with the withdrawal period, it is sufficient that you send the notification of the exercise of the right of withdrawal before the expiry of the withdrawal period.<\/p>\n\n\n\n<h4 class=\"wp-block-heading has-larger-font-size\">Consequences of the revocation<\/h4>\n\n\n\n<p>If you withdraw from this contract, we must refund all payments we have received from you, excluding delivery costs, without delay and at the latest within fourteen days from the day on which we received the notification of your withdrawal from this contract. For this repayment, we will use the same means of payment that you used in the original transaction, unless expressly agreed otherwise with you; in no case will you be charged any fees because of this repayment. We may refuse repayment until we have received the goods back or until you have provided proof that you have returned the goods, whichever is the earlier.<\/p>\n\n\n\n<p>You must return or hand over the goods to us without undue delay and in any case no later than within fourteen days from the day on which you notify us of the revocation of this contract. The deadline is met if you send the goods before the expiry of the period of fourteen days. You shall bear the direct costs of returning the goods. You will only have to pay for any loss in value of the goods if this loss in value is due to handling of the goods that is not necessary for testing the condition, properties and functioning of the goods.<\/p>\n\n\n\n<h3 class=\"wp-block-heading has-text-color has-extra-large-font-size\" style=\"color:#990000\"><strong>Widerufsbelehrung<\/strong><\/h3>\n\n\n\n<h4 class=\"wp-block-heading has-larger-font-size\">Widerrufsrecht<\/h4>\n\n\n\n<p>Sie haben das Recht, binnen vierzehn Tagen ohne Angabe von Gr\u00fcnden diesen Vertrag zu widerrufen, au\u00dfer handelt sich um <\/p>\n\n\n\n<ol class=\"wp-block-list\">\n<li>Vertr\u00e4ge zur Lieferung von Waren, die nicht vorgefertigt sind und f\u00fcr deren Herstellung eine individuelle Auswahl oder Bestimmung durch den Verbraucher ma\u00dfgeblich ist oder die eindeutig auf die pers\u00f6nlichen Bed\u00fcrfnisse des Verbrauchers zugeschnitten sind,<\/li>\n\n\n\n<li>Vertr\u00e4ge zur Lieferung von Waren, die schnell verderben k\u00f6nnen oder deren Verfallsdatum schnell \u00fcberschritten w\u00fcrde,<\/li>\n\n\n\n<li>Vertr\u00e4ge zur Lieferung versiegelter Waren, die aus Gr\u00fcnden des Gesundheitsschutzes oder der Hygiene nicht zur R\u00fcckgabe geeignet sind, wenn ihre Versiegelung nach der Lieferung entfernt wurde,<\/li>\n\n\n\n<li>Vertr\u00e4ge zur Lieferung von Waren, wenn diese nach der Lieferung auf Grund ihrer Beschaffenheit untrennbar mit anderen G\u00fctern vermischt wurden.<\/li>\n<\/ol>\n\n\n\n<p>Soweit die oben genannten Ausschlusstatbest\u00e4nde im Sinne des \u00a7 312g BGB f\u00fcr Teile Ihrer Bestellung nicht vorliegen, steht Ihnen, soweit Sie Verbraucher im Sinne von \u00a7 13 BGB sind, f\u00fcr diese Teile ein Widerrufsrecht zu. \u201eVerbraucher\u201c ist jede nat\u00fcrliche Person, die ein Rechtsgesch\u00e4ft zu Zwecken abschlie\u00dft, die \u00fcberwiegend weder ihrer gewerblichen noch ihrer selbst\u00e4ndigen beruflichen T\u00e4tigkeit zugerechnet werden k\u00f6nnen.<br>Die Widerrufsfrist betr\u00e4gt vierzehn Tage ab dem Tag an dem Sie oder ein von Ihnen benannter Dritter, der nicht der Bef\u00f6rderer ist, die letzte Ware in Besitz genommen haben bzw. hat.<br>Um Ihr Widerrufsrecht auszu\u00fcben, m\u00fcssen Sie uns (Michael Handwerker, Marie-Curie-Stra\u00dfe 6, 85055 Ingolstadt) mittels einer eindeutigen Erkl\u00e4rung (z. B. ein mit der Post versandter Brief oder eine E-Mail) \u00fcber Ihren Entschluss, diesen Vertrag zu widerrufen, informieren. Sie k\u00f6nnen daf\u00fcr das beigef\u00fcgte Muster-Widerrufsformular verwenden, das jedoch nicht vorgeschrieben ist. Zur Wahrung der Widerrufsfrist reicht es aus, dass Sie die Mitteilung \u00fcber die Aus\u00fcbung des Widerrufsrechts vor Ablauf der Widerrufsfrist absenden.<\/p>\n\n\n\n<h4 class=\"wp-block-heading has-larger-font-size\">Folgen des Widerrufs<\/h4>\n\n\n\n<p>Wenn Sie diesen Vertrag widerrufen, haben wir Ihnen alle Zahlungen, die wir von Ihnen erhalten haben, au\u00dfschlie\u00dflich der Lieferkosten, unverz\u00fcglich und sp\u00e4testens binnen vierzehn Tagen ab dem Tag zur\u00fcckzuzahlen, an dem die Mitteilung \u00fcber Ihren Widerruf dieses Vertrags bei uns eingegangen ist. F\u00fcr diese R\u00fcckzahlung verwenden wir dasselbe Zahlungsmittel, das Sie bei der urspr\u00fcnglichen Transaktion eingesetzt haben, es sei denn, mit Ihnen wurde ausdr\u00fccklich etwas anderes vereinbart; in keinem Fall werden Ihnen wegen dieser R\u00fcckzahlung Entgelte berechnet. Wir k\u00f6nnen die R\u00fcckzahlung verweigern, bis wir die Waren wieder zur\u00fcckerhalten haben oder bis Sie den Nachweis erbracht haben, dass Sie die Waren zur\u00fcckgesandt haben, je nachdem, welches der fr\u00fchere Zeitpunkt ist.<\/p>\n\n\n\n<p>Sie haben die Waren unverz\u00fcglich und in jedem Fall sp\u00e4testens binnen vierzehn Tagen ab dem Tag, an dem Sie uns \u00fcber den Widerruf dieses Vertrags unterrichten, an uns zur\u00fcckzusenden oder zu \u00fcbergeben. Die Frist ist gewahrt, wenn Sie die Waren vor Ablauf der Frist von vierzehn Tagen absenden. Sie tragen die unmittelbaren Kosten der R\u00fccksendung der Waren. Sie m\u00fcssen f\u00fcr einen etwaigen Wertverlust der Waren nur aufkommen, wenn dieser Wertverlust auf einen zur Pr\u00fcfung der Beschaffenheit, Eigenschaften und Funktionsweise der Waren nicht notwendigen Umgang mit ihnen zur\u00fcckzuf\u00fchren ist.<\/p>\n","protected":false},"excerpt":{"rendered":"<p>Right of withdrawal You have the right to withdraw from this contract within fourteen days without giving any reason, except for Insofar as the above exclusions within the meaning of [&hellip;]<\/p>\n","protected":false},"author":1,"featured_media":0,"parent":0,"menu_order":0,"comment_status":"closed","ping_status":"closed","template":"","meta":{"footnotes":""},"class_list":["post-112","page","type-page","status-publish","hentry"],"_links":{"self":[{"href":"https:\/\/toro3d.eu\/shop\/index.php?rest_route=\/wp\/v2\/pages\/112","targetHints":{"allow":["GET"]}}],"collection":[{"href":"https:\/\/toro3d.eu\/shop\/index.php?rest_route=\/wp\/v2\/pages"}],"about":[{"href":"https:\/\/toro3d.eu\/shop\/index.php?rest_route=\/wp\/v2\/types\/page"}],"author":[{"embeddable":true,"href":"https:\/\/toro3d.eu\/shop\/index.php?rest_route=\/wp\/v2\/users\/1"}],"replies":[{"embeddable":true,"href":"https:\/\/toro3d.eu\/shop\/index.php?rest_route=%2Fwp%2Fv2%2Fcomments&post=112"}],"version-history":[{"count":5,"href":"https:\/\/toro3d.eu\/shop\/index.php?rest_route=\/wp\/v2\/pages\/112\/revisions"}],"predecessor-version":[{"id":600,"href":"https:\/\/toro3d.eu\/shop\/index.php?rest_route=\/wp\/v2\/pages\/112\/revisions\/600"}],"wp:attachment":[{"href":"https:\/\/toro3d.eu\/shop\/index.php?rest_route=%2Fwp%2Fv2%2Fmedia&parent=112"}],"curies":[{"name":"wp","href":"https:\/\/api.w.org\/{rel}","templated":true}]}}