{"id":1414,"date":"2025-04-30T06:27:59","date_gmt":"2025-04-30T06:27:59","guid":{"rendered":"https:\/\/toro3d.eu\/shop\/?post_type=product&#038;p=1414"},"modified":"2025-08-14T09:22:31","modified_gmt":"2025-08-14T09:22:31","slug":"munitonsbox-9x19-mm","status":"publish","type":"product","link":"https:\/\/toro3d.eu\/shop\/?product=munitonsbox-9x19-mm","title":{"rendered":"Munitonsbox 9&#215;19 mm"},"content":{"rendered":"<p><strong>Das Motiv auf dem Deckel kann frei nach deinen W\u00fcnschen angepasst werden. <\/strong>Wir werden dir diesbez\u00fcglich nach der Bestellung eine Email schreiben.<\/p>\n<p>Es kann zwischen 50 Schuss (5&#215;10) und 100 Schuss (10&#215;10) Kapazit\u00e4t gew\u00e4hlt werden. Andere Kaliber auf Anfrage m\u00f6glich. Auf den Bildern sind auch Munitionsboxen f\u00fcr andere Kalibergr\u00f6\u00dfen zu sehen.<\/p>\n<p>&nbsp;<\/p>\n","protected":false},"excerpt":{"rendered":"<p>Das Motiv auf dem Deckel kann frei nach deinen W\u00fcnschen angepasst werden. Wir werden dir diesbez\u00fcglich nach der Bestellung eine Email schreiben. Es kann zwischen 50 Schuss (5&#215;10) und 100 [&hellip;]<\/p>\n","protected":false},"featured_media":1383,"comment_status":"open","ping_status":"closed","template":"","meta":[],"product_brand":[],"product_cat":[114],"product_tag":[],"class_list":{"0":"post-1414","1":"product","2":"type-product","3":"status-publish","4":"has-post-thumbnail","6":"product_cat-munitionsboxen","8":"first","9":"instock","10":"taxable","11":"shipping-taxable","12":"purchasable","13":"product-type-variable"},"_links":{"self":[{"href":"https:\/\/toro3d.eu\/shop\/index.php?rest_route=\/wp\/v2\/product\/1414","targetHints":{"allow":["GET"]}}],"collection":[{"href":"https:\/\/toro3d.eu\/shop\/index.php?rest_route=\/wp\/v2\/product"}],"about":[{"href":"https:\/\/toro3d.eu\/shop\/index.php?rest_route=\/wp\/v2\/types\/product"}],"replies":[{"embeddable":true,"href":"https:\/\/toro3d.eu\/shop\/index.php?rest_route=%2Fwp%2Fv2%2Fcomments&post=1414"}],"wp:featuredmedia":[{"embeddable":true,"href":"https:\/\/toro3d.eu\/shop\/index.php?rest_route=\/wp\/v2\/media\/1383"}],"wp:attachment":[{"href":"https:\/\/toro3d.eu\/shop\/index.php?rest_route=%2Fwp%2Fv2%2Fmedia&parent=1414"}],"wp:term":[{"taxonomy":"product_brand","embeddable":true,"href":"https:\/\/toro3d.eu\/shop\/index.php?rest_route=%2Fwp%2Fv2%2Fproduct_brand&post=1414"},{"taxonomy":"product_cat","embeddable":true,"href":"https:\/\/toro3d.eu\/shop\/index.php?rest_route=%2Fwp%2Fv2%2Fproduct_cat&post=1414"},{"taxonomy":"product_tag","embeddable":true,"href":"https:\/\/toro3d.eu\/shop\/index.php?rest_route=%2Fwp%2Fv2%2Fproduct_tag&post=1414"}],"curies":[{"name":"wp","href":"https:\/\/api.w.org\/{rel}","templated":true}]}}