{"id":1768,"date":"2025-08-21T07:44:52","date_gmt":"2025-08-21T07:44:52","guid":{"rendered":"https:\/\/toro3d.eu\/shop\/?post_type=product&#038;p=1768"},"modified":"2026-01-27T08:05:14","modified_gmt":"2026-01-27T08:05:14","slug":"3d-milk","status":"publish","type":"product","link":"https:\/\/toro3d.eu\/shop\/?product=3d-milk","title":{"rendered":"3D Milk"},"content":{"rendered":"<p>3D Milk is now available at Toro3D:<\/p>\n<ul>\n<li>For perfect adhesion to the printing bed &#8211; If you have a problem with the first layer not adhering properly to the printing bed, our adhesive agent is the perfect solution for optimal results.<\/li>\n<li>Easy to use &#8211; Simply spray sparingly and you&#8217;re ready to print. It is suitable for all printing surfaces and can be easily washed off with water.<\/li>\n<li>Very economical &#8211; Our spray adhesive is very economical and can even be used several times in a row. This means that this 250 ml spray bottle will last you quite a while.<\/li>\n<li>Odorless &#8211; This adhesive is completely non-toxic, water-soluble, odorless, and biodegradable.<\/li>\n<li>German quality &#8211; 3DMilk was developed in Germany and is now also manufactured here. This guarantees the best quality and, at the same time, protects the environment by reducing transport distances.<\/li>\n<\/ul>\n<p>3D Milk gibt es jetzt auch bei Toro3D:<\/p>\n<ul>\n<li>F\u00fcr perfekte Haftung auf dem Druckbett &#8211; Wenn Sie das Problem haben, dass die erste Schicht nicht richtig auf dem Druckbett haftet, dann ist unser Haftvermittler die perfekte L\u00f6sung f\u00fcr optimale Ergebnisse.<\/li>\n<li>Einfache Anwendung &#8211; Spr\u00fchen Sie das Spray einfach sparsam auf und schon k\u00f6nnen Sie losdrucken. Es eignet sich f\u00fcr alle Druckoberfl\u00e4chen und l\u00e4sst sich ganz einfach mit Wasser abwaschen.<\/li>\n<li>Sehr ergiebig &#8211; Unser Spr\u00fchkleber ist sehr ergiebig und kann sogar mehrmals hintereinander verwendet werden. Auf diese Weise wird Ihnen diese 250-ml-Spr\u00fchflasche eine ganze Weile halten.<\/li>\n<li>Geruchlos &#8211; dieses Haftmittel ist v\u00f6llig ungiftig, wasserl\u00f6slich Geruchlos und biologisch abbaubar.<\/li>\n<li>Deutsche Qualit\u00e4t &#8211; 3DMilk wurde in Deutschland entwickelt und wird jetzt auch hier hergestellt. Das garantiert beste Qualit\u00e4t und schont durch verk\u00fcrzte Transportwege gleichzeitig die Umwelt.<\/li>\n<\/ul>\n<p>&nbsp;<\/p>\n","protected":false},"excerpt":{"rendered":"<p>3D Milk is now available at Toro3D: For perfect adhesion to the printing bed &#8211; If you have a problem with the first layer not adhering properly to the printing [&hellip;]<\/p>\n","protected":false},"featured_media":1769,"comment_status":"open","ping_status":"closed","template":"","meta":[],"product_brand":[],"product_cat":[104],"product_tag":[],"class_list":{"0":"post-1768","1":"product","2":"type-product","3":"status-publish","4":"has-post-thumbnail","6":"product_cat-filament","8":"first","9":"instock","10":"taxable","11":"shipping-taxable","12":"purchasable","13":"product-type-simple"},"_links":{"self":[{"href":"https:\/\/toro3d.eu\/shop\/index.php?rest_route=\/wp\/v2\/product\/1768","targetHints":{"allow":["GET"]}}],"collection":[{"href":"https:\/\/toro3d.eu\/shop\/index.php?rest_route=\/wp\/v2\/product"}],"about":[{"href":"https:\/\/toro3d.eu\/shop\/index.php?rest_route=\/wp\/v2\/types\/product"}],"replies":[{"embeddable":true,"href":"https:\/\/toro3d.eu\/shop\/index.php?rest_route=%2Fwp%2Fv2%2Fcomments&post=1768"}],"wp:featuredmedia":[{"embeddable":true,"href":"https:\/\/toro3d.eu\/shop\/index.php?rest_route=\/wp\/v2\/media\/1769"}],"wp:attachment":[{"href":"https:\/\/toro3d.eu\/shop\/index.php?rest_route=%2Fwp%2Fv2%2Fmedia&parent=1768"}],"wp:term":[{"taxonomy":"product_brand","embeddable":true,"href":"https:\/\/toro3d.eu\/shop\/index.php?rest_route=%2Fwp%2Fv2%2Fproduct_brand&post=1768"},{"taxonomy":"product_cat","embeddable":true,"href":"https:\/\/toro3d.eu\/shop\/index.php?rest_route=%2Fwp%2Fv2%2Fproduct_cat&post=1768"},{"taxonomy":"product_tag","embeddable":true,"href":"https:\/\/toro3d.eu\/shop\/index.php?rest_route=%2Fwp%2Fv2%2Fproduct_tag&post=1768"}],"curies":[{"name":"wp","href":"https:\/\/api.w.org\/{rel}","templated":true}]}}